{"id":30,"date":"2020-03-17T09:16:43","date_gmt":"2020-03-17T09:16:43","guid":{"rendered":"https:\/\/knholz.com\/?page_id=30"},"modified":"2025-12-04T10:00:37","modified_gmt":"2025-12-04T10:00:37","slug":"home","status":"publish","type":"page","link":"https:\/\/knholz.com\/","title":{"rendered":"Home"},"content":{"rendered":"<div class=\"wpb-content-wrapper\"><p>[vc_row bg_type=&#8221;bg_color&#8221; bg_override=&#8221;ex-full&#8221; bg_color_value=&#8221;#e9e4d0&#8243; css=&#8221;.vc_custom_1737454828143{padding-top: 20px !important;padding-bottom: 20px !important;}&#8221;][vc_column][vc_single_image image=&#8221;39&#8243; img_size=&#8221;full&#8221; alignment=&#8221;center&#8221; image_hovers=&#8221;false&#8221;][vc_custom_heading text=&#8221;BENVENUTI DA&#8221; font_container=&#8221;tag:h2|font_size:15|text_align:center|color:%23b18857&#8243; google_fonts=&#8221;font_family:Roboto%3A100%2C100italic%2C300%2C300italic%2Cregular%2Citalic%2C500%2C500italic%2C700%2C700italic%2C900%2C900italic|font_style:400%20regular%3A400%3Anormal&#8221; css=&#8221;.vc_custom_1737042863550{margin-top: -40px !important;}&#8221;][vc_custom_heading text=&#8221;KNHOLZ&#8221; font_container=&#8221;tag:h2|font_size:40|text_align:center|color:%23504037&#8243; google_fonts=&#8221;font_family:Roboto%3A100%2C100italic%2C300%2C300italic%2Cregular%2Citalic%2C500%2C500italic%2C700%2C700italic%2C900%2C900italic|font_style:500%20bold%20regular%3A500%3Anormal&#8221;][vc_empty_space height=&#8221;12px&#8221;][\/vc_column][\/vc_row][vc_row bg_type=&#8221;bg_color&#8221; bg_override=&#8221;ex-full&#8221; bg_color_value=&#8221;#504037&#8243; css=&#8221;.vc_custom_1737454802104{padding-top: 50px !important;padding-bottom: 50px !important;}&#8221;][vc_column width=&#8221;1\/2&#8243;][vc_single_image image=&#8221;41&#8243; img_size=&#8221;full&#8221; image_hovers=&#8221;false&#8221;][\/vc_column][vc_column width=&#8221;1\/2&#8243;][vc_custom_heading text=&#8221;CHI SIAMO&#8221; font_container=&#8221;tag:h2|font_size:40|text_align:left|color:%23e9e4d0&#8243; google_fonts=&#8221;font_family:Arimo%3Aregular%2Citalic%2C700%2C700italic|font_style:700%20bold%20regular%3A700%3Anormal&#8221;][vc_separator color=&#8221;custom&#8221; align=&#8221;align_left&#8221; el_width=&#8221;10&#8243; accent_color=&#8221;#b18857&#8243;][vc_column_text]<\/p>\n<p style=\"text-align: justify;\"><span style=\"color: #ffffff;\">Siamo l&#8217;azienda KN Holz GmbH di Alta Pusteria (Dobbiaco, Alto Adige) che opera dal 2005 e lavora principalmente con il legno vecchio dell&#8217;Alto Adige (Italia) e del Tirolo (Austria). Otteniamo il materiale smantellando vecchi Masi e Case (di circa 70-500 anni). Gli Masi e le Case vengono selezionati e smontati dall&#8217;appassionato proprietario, il che ci d\u00e0 conferma dell&#8217;alta qualit\u00e0 del materiale. Per lo pi\u00f9 abbiamo una selezione colorata tra larice e abete. Il materiale \u00e8 disponibile da noi fresco e anche lavorato. Il materiale finito si presta bene per l&#8217;abbigliamento indoor e outdoor, per i mobili (falegnameria) e anche per i pavimenti (che produciamo anche noi).<\/span><\/p>\n<p>[\/vc_column_text][vc_btn title=&#8221;CONTATTO&#8221; style=&#8221;custom&#8221; custom_background=&#8221;#ffffff&#8221; custom_text=&#8221;#504037&#8243; shape=&#8221;square&#8221; align=&#8221;left&#8221; link=&#8221;url:https%3A%2F%2Fknholz.com%2Findex.php%2Fcontatto%2F|title:Contatto||&#8221;][\/vc_column][\/vc_row][vc_row bg_type=&#8221;bg_color&#8221; bg_override=&#8221;ex-full&#8221; bg_color_value=&#8221;#f4f4f4&#8243; css=&#8221;.vc_custom_1737455198908{padding-top: 10px !important;}&#8221;][vc_column][vc_custom_heading text=&#8221;COSA OFFRIAMO&#8221; font_container=&#8221;tag:h2|font_size:40|text_align:center|color:%23504037&#8243; google_fonts=&#8221;font_family:Roboto%3A100%2C100italic%2C300%2C300italic%2Cregular%2Citalic%2C500%2C500italic%2C700%2C700italic%2C900%2C900italic|font_style:500%20bold%20regular%3A500%3Anormal&#8221;][\/vc_column][\/vc_row][vc_row bg_type=&#8221;bg_color&#8221; bg_override=&#8221;ex-full&#8221; bg_color_value=&#8221;#f4f4f4&#8243; css=&#8221;.vc_custom_1690988216390{padding-bottom: 30px !important;}&#8221;][vc_column width=&#8221;1\/3&#8243;]<div tabindex=\"0\" class=\"ult-new-ib ult-ib-effect-style2  ult-ib-resp ult-ib2-min-height \" data-min-width=\"768\" data-max-width=\"900\" style=\"background:#0a0a0a; opacity:0; \" data-opacity=\"0.6\" data-hover-opacity=\"0.7\"  data-min-height=\"550\" ><img decoding=\"async\" class=\"ult-new-ib-img\" style=\"opacity:0.6;\" alt=\"null\" src=\"https:\/\/knholz.com\/wp-content\/uploads\/2025\/01\/WhatsApp-Image-2025-01-21-at-11.15.44-AM.jpeg\"  data-min-height=\"550\"   \/><div id=\"interactive-banner-wrap-8427\" class=\"ult-new-ib-desc\" style=\"\"><h2 class=\"ult-new-ib-title ult-responsive\"  data-ultimate-target='#interactive-banner-wrap-8427 .ult-new-ib-title'  data-responsive-json-new='{\"font-size\":\"desktop:25px;\",\"line-height\":\"\"}'  style=\"font-weight:bold;\">PAVIMENTI<\/h2><\/div><a class=\"ult-new-ib-link\" href=\"https:\/\/knholz.com\/index.php\/pavimenti\/\" title=\"Pavimenti\"  ><\/a><\/div>[\/vc_column][vc_column width=&#8221;1\/3&#8243;]<div tabindex=\"0\" class=\"ult-new-ib ult-ib-effect-style2  ult-ib-resp ult-ib2-min-height \" data-min-width=\"768\" data-max-width=\"900\" style=\"background:#0a0a0a; opacity:0; \" data-opacity=\"0.6\" data-hover-opacity=\"0.7\"  data-min-height=\"550\" ><img decoding=\"async\" class=\"ult-new-ib-img\" style=\"opacity:0.6;\" alt=\"null\" src=\"https:\/\/knholz.com\/wp-content\/uploads\/2025\/01\/5390fd89-6dbe-448b-825d-64f0f701ca44-1.jpg\"  data-min-height=\"550\"   \/><div id=\"interactive-banner-wrap-4944\" class=\"ult-new-ib-desc\" style=\"\"><h2 class=\"ult-new-ib-title ult-responsive\"  data-ultimate-target='#interactive-banner-wrap-4944 .ult-new-ib-title'  data-responsive-json-new='{\"font-size\":\"desktop:25px;\",\"line-height\":\"\"}'  style=\"font-weight:bold;\">FASCI DI LEGNO<\/h2><\/div><a class=\"ult-new-ib-link\" href=\"https:\/\/knholz.com\/index.php\/fasci-di-legno\/\" title=\"Fasci di legno\"  ><\/a><\/div>[\/vc_column][vc_column width=&#8221;1\/3&#8243;]<div tabindex=\"0\" class=\"ult-new-ib ult-ib-effect-style2  ult-ib-resp ult-ib2-min-height \" data-min-width=\"768\" data-max-width=\"900\" style=\"background:#0a0a0a; opacity:0; \" data-opacity=\"0.6\" data-hover-opacity=\"0.7\"  data-min-height=\"550\" ><img decoding=\"async\" class=\"ult-new-ib-img\" style=\"opacity:0.6;\" alt=\"null\" src=\"https:\/\/knholz.com\/wp-content\/uploads\/2025\/12\/WhatsApp-Image-2025-12-03-at-1.25.41-PM-1.jpeg\"  data-min-height=\"550\"   \/><div id=\"interactive-banner-wrap-1964\" class=\"ult-new-ib-desc\" style=\"\"><h2 class=\"ult-new-ib-title ult-responsive\"  data-ultimate-target='#interactive-banner-wrap-1964 .ult-new-ib-title'  data-responsive-json-new='{\"font-size\":\"desktop:25px;\",\"line-height\":\"\"}'  style=\"font-weight:bold;\">PAVIMENTI ARTISTICI<\/h2><\/div><a class=\"ult-new-ib-link\" href=\"https:\/\/knholz.com\/index.php\/pavimenti-artistici\/\" title=\"Pavimenti Artistici\"  ><\/a><\/div>[\/vc_column][\/vc_row][vc_row][vc_column][vc_custom_heading text=&#8221;GALLERIE&#8221; font_container=&#8221;tag:h2|font_size:40|text_align:center|color:%23504037&#8243; google_fonts=&#8221;font_family:Roboto%3A100%2C100italic%2C300%2C300italic%2Cregular%2Citalic%2C500%2C500italic%2C700%2C700italic%2C900%2C900italic|font_style:500%20bold%20regular%3A500%3Anormal&#8221;][vc_empty_space][\/vc_column][\/vc_row][vc_row][vc_column]<div id=\"ult-carousel-342480397869d569a88cda2\" class=\"ult-carousel-wrapper   ult_horizontal\" data-gutter=\"15\" data-rtl=\"false\" ><div class=\"ult-carousel-197287638369d569a88cd09 \" >[vc_single_image image=&#8221;786&#8243; img_size=&#8221;370&#215;280&#8243; alignment=&#8221;center&#8221; onclick=&#8221;link_image&#8221;][vc_single_image image=&#8221;784&#8243; img_size=&#8221;370&#215;280&#8243; alignment=&#8221;center&#8221; onclick=&#8221;link_image&#8221;][vc_single_image image=&#8221;776&#8243; img_size=&#8221;370&#215;280&#8243; alignment=&#8221;center&#8221; onclick=&#8221;link_image&#8221;][vc_column_text]<video controls=\"controls\" width=\"348\" height=\"265\"><br \/><source src=\"\/wp-content\/uploads\/2025\/01\/1247716a-5a42-4091-abba-57086c2f4adb-1.mp4\" type=\"video\/mp4\" \/><br \/><source src=\"\/wp-content\/uploads\/2025\/01\/1247716a-5a42-4091-abba-57086c2f4adb-1.mp4\" type=\"video\/ogg\" \/><br \/><\/video>[\/vc_column_text][vc_single_image image=&#8221;780&#8243; img_size=&#8221;370&#215;280&#8243; alignment=&#8221;center&#8221; onclick=&#8221;link_image&#8221;][vc_single_image image=&#8221;778&#8243; img_size=&#8221;370&#215;280&#8243; alignment=&#8221;center&#8221; onclick=&#8221;link_image&#8221;][vc_single_image image=&#8221;782&#8243; img_size=&#8221;370&#215;280&#8243; alignment=&#8221;center&#8221; onclick=&#8221;link_image&#8221;][vc_single_image image=&#8221;788&#8243; img_size=&#8221;370&#215;280&#8243; alignment=&#8221;center&#8221; onclick=&#8221;link_image&#8221;]<\/div><\/div>\t\t\t<script type=\"text\/javascript\">\n\t\t\t\tjQuery(document).ready(function ($) {\n\t\t\t\t\tif( typeof jQuery('.ult-carousel-197287638369d569a88cd09').slick == \"function\"){\n\t\t\t\t\t\t$('.ult-carousel-197287638369d569a88cd09').slick({dots: true,autoplay: true,autoplaySpeed: \"5000\",speed: \"300\",infinite: true,arrows: true,nextArrow: '<button type=\"button\" role=\"button\" aria-label=\"Next\" style=\"color:#333333; font-size:20px;\" class=\"slick-next default\"><i class=\"ultsl-arrow-right4\"><\/i><\/button>',prevArrow: '<button type=\"button\" role=\"button\" aria-label=\"Previous\" style=\"color:#333333; font-size:20px;\" class=\"slick-prev default\"><i class=\"ultsl-arrow-left4\"><\/i><\/button>',slidesToScroll:3,slidesToShow:3,swipe: true,draggable: true,touchMove: true,pauseOnHover: true,pauseOnFocus: false,responsive: [\n\t\t\t\t\t\t\t{\n\t\t\t\t\t\t\t  breakpoint: 1026,\n\t\t\t\t\t\t\t  settings: {\n\t\t\t\t\t\t\t\tslidesToShow: 3,\n\t\t\t\t\t\t\t\tslidesToScroll: 3,  \n\t\t\t\t\t\t\t  }\n\t\t\t\t\t\t\t},\n\t\t\t\t\t\t\t{\n\t\t\t\t\t\t\t  breakpoint: 1025,\n\t\t\t\t\t\t\t  settings: {\n\t\t\t\t\t\t\t\tslidesToShow: 1,\n\t\t\t\t\t\t\t\tslidesToScroll: 1\n\t\t\t\t\t\t\t  }\n\t\t\t\t\t\t\t},\n\t\t\t\t\t\t\t{\n\t\t\t\t\t\t\t  breakpoint: 760,\n\t\t\t\t\t\t\t  settings: {\n\t\t\t\t\t\t\t\tslidesToShow: 1,\n\t\t\t\t\t\t\t\tslidesToScroll: 1\n\t\t\t\t\t\t\t  }\n\t\t\t\t\t\t\t}\n\t\t\t\t\t\t],pauseOnDotsHover: true,customPaging: function(slider, i) {\n                   return '<i type=\"button\" style= \"color:#333333;\" class=\"ultsl-record\" data-role=\"none\"><\/i>';\n                },});\n\t\t\t\t\t}\n\t\t\t\t});\n\t\t\t<\/script>\n\t\t\t[\/vc_column][\/vc_row][vc_row bg_type=&#8221;bg_color&#8221; bg_override=&#8221;ex-full&#8221; bg_color_value=&#8221;#352f2a&#8221;][vc_column][vc_custom_heading text=&#8221;CONTATTACI&#8221; font_container=&#8221;tag:h2|font_size:56|text_align:center|color:%23adb0b6&#8243; google_fonts=&#8221;font_family:Roboto%3A100%2C100italic%2C300%2C300italic%2Cregular%2Citalic%2C500%2C500italic%2C700%2C700italic%2C900%2C900italic|font_style:500%20bold%20regular%3A500%3Anormal&#8221;][vc_custom_heading text=&#8221;Per maggiori informazioni\u2026.&#8221; font_container=&#8221;tag:h2|font_size:26|text_align:center|color:%23adb0b6&#8243; google_fonts=&#8221;font_family:Open%20Sans%3A300%2C300italic%2Cregular%2Citalic%2C600%2C600italic%2C700%2C700italic%2C800%2C800italic|font_style:400%20regular%3A400%3Anormal&#8221;][vc_empty_space height=&#8221;22px&#8221;][vc_row_inner][vc_column_inner width=&#8221;1\/4&#8243;][vc_custom_heading text=&#8221;LOCALIT\u00c0&#8221; font_container=&#8221;tag:h2|font_size:17|text_align:center|color:%23a8a8a8&#8243; google_fonts=&#8221;font_family:Roboto%3A100%2C100italic%2C300%2C300italic%2Cregular%2Citalic%2C500%2C500italic%2C700%2C700italic%2C900%2C900italic|font_style:500%20bold%20regular%3A500%3Anormal&#8221;][vc_custom_heading text=&#8221;KN HOLZ G.m.b.h.\/srl,&#8221; font_container=&#8221;tag:h2|font_size:17|text_align:center|color:%23b18857&#8243; google_fonts=&#8221;font_family:Open%20Sans%3A300%2C300italic%2Cregular%2Citalic%2C600%2C600italic%2C700%2C700italic%2C800%2C800italic|font_style:600%20bold%20regular%3A600%3Anormal&#8221; css=&#8221;.vc_custom_1584445182290{margin-top: -20px !important;}&#8221;][vc_custom_heading text=&#8221;Zona artigianale Grazze n.10&#8243; font_container=&#8221;tag:h2|font_size:17|text_align:center|color:%23b18857&#8243; google_fonts=&#8221;font_family:Open%20Sans%3A300%2C300italic%2Cregular%2Citalic%2C600%2C600italic%2C700%2C700italic%2C800%2C800italic|font_style:600%20bold%20regular%3A600%3Anormal&#8221; css=&#8221;.vc_custom_1584445196652{margin-top: -20px !important;}&#8221;][vc_custom_heading text=&#8221;39034, Dobbiaco&#8221; font_container=&#8221;tag:h2|font_size:17|text_align:center|color:%23b18857&#8243; google_fonts=&#8221;font_family:Open%20Sans%3A300%2C300italic%2Cregular%2Citalic%2C600%2C600italic%2C700%2C700italic%2C800%2C800italic|font_style:600%20bold%20regular%3A600%3Anormal&#8221; css=&#8221;.vc_custom_1584445200276{margin-top: -20px !important;}&#8221;][\/vc_column_inner][vc_column_inner width=&#8221;1\/4&#8243;][vc_custom_heading text=&#8221;CONTATTO&#8221; font_container=&#8221;tag:h2|font_size:17|text_align:center|color:%23a8a8a8&#8243; google_fonts=&#8221;font_family:Roboto%3A100%2C100italic%2C300%2C300italic%2Cregular%2Citalic%2C500%2C500italic%2C700%2C700italic%2C900%2C900italic|font_style:500%20bold%20regular%3A500%3Anormal&#8221;][vc_custom_heading text=&#8221;Fax: +39 0474 972799&#8243; font_container=&#8221;tag:h2|font_size:17|text_align:center|color:%23b18857&#8243; google_fonts=&#8221;font_family:Open%20Sans%3A300%2C300italic%2Cregular%2Citalic%2C600%2C600italic%2C700%2C700italic%2C800%2C800italic|font_style:600%20bold%20regular%3A600%3Anormal&#8221; css=&#8221;.vc_custom_1584445233063{margin-top: -20px !important;}&#8221;][vc_custom_heading text=&#8221;Tel: +39 328 6439412&#8243; font_container=&#8221;tag:h2|font_size:17|text_align:center|color:%23b18857&#8243; google_fonts=&#8221;font_family:Open%20Sans%3A300%2C300italic%2Cregular%2Citalic%2C600%2C600italic%2C700%2C700italic%2C800%2C800italic|font_style:600%20bold%20regular%3A600%3Anormal&#8221; css=&#8221;.vc_custom_1584445227045{margin-top: -20px !important;}&#8221;][vc_custom_heading text=&#8221;Email: info@knholz.com&#8221; font_container=&#8221;tag:h2|font_size:17|text_align:center|color:%23b18857&#8243; google_fonts=&#8221;font_family:Open%20Sans%3A300%2C300italic%2Cregular%2Citalic%2C600%2C600italic%2C700%2C700italic%2C800%2C800italic|font_style:600%20bold%20regular%3A600%3Anormal&#8221; css=&#8221;.vc_custom_1737389050968{margin-top: -20px !important;}&#8221;][\/vc_column_inner][vc_column_inner width=&#8221;1\/4&#8243;][vc_single_image image=&#8221;707&#8243; img_size=&#8221;200&#215;200&#8243; alignment=&#8221;center&#8221;][\/vc_column_inner][vc_column_inner width=&#8221;1\/4&#8243;][vc_column_text]<iframe loading=\"lazy\" style=\"border: 0;\" tabindex=\"0\" src=\"https:\/\/www.google.com\/maps\/embed?pb=!1m18!1m12!1m3!1d2734.6195569581637!2d12.196443815119478!3d46.73296485590985!2m3!1f0!2f0!3f0!3m2!1i1024!2i768!4f13.1!3m3!1m2!1s0x4778295ecd812979%3A0xc375ed1057f815e4!2sKN%20Holz!5e0!3m2!1sen!2s!4v1584445273996!5m2!1sen!2s\" width=\"600\" height=\"200\" frameborder=\"0\" allowfullscreen=\"allowfullscreen\" aria-hidden=\"false\"><\/iframe>[\/vc_column_text]<div class=\"ult-spacer spacer-69d569a88cde7\" data-id=\"69d569a88cde7\" data-height=\"20\" data-height-mobile=\"20\" data-height-tab=\"20\" data-height-tab-portrait=\"\" data-height-mobile-landscape=\"\" style=\"clear:both;display:block;\"><\/div>[\/vc_column_inner][\/vc_row_inner]<div class=\"ult-spacer spacer-69d569a88cdf2\" data-id=\"69d569a88cdf2\" data-height=\"20\" data-height-mobile=\"20\" data-height-tab=\"20\" data-height-tab-portrait=\"\" data-height-mobile-landscape=\"\" style=\"clear:both;display:block;\"><\/div>[\/vc_column][\/vc_row]<\/p>\n<\/div>","protected":false},"excerpt":{"rendered":"<p>[vc_row bg_type=&#8221;bg_color&#8221; bg_override=&#8221;ex-full&#8221; bg_color_value=&#8221;#e9e4d0&#8243; css=&#8221;.vc_custom_1737454828143{padding-top: 20px !important;padding-bottom: 20px !important;}&#8221;][vc_column][vc_single_image image=&#8221;39&#8243; img_size=&#8221;full&#8221; alignment=&#8221;center&#8221; image_hovers=&#8221;false&#8221;][vc_custom_heading text=&#8221;BENVENUTI DA&#8221; font_container=&#8221;tag:h2|font_size:15|text_align:center|color:%23b18857&#8243; google_fonts=&#8221;font_family:Roboto%3A100%2C100italic%2C300%2C300italic%2Cregular%2Citalic%2C500%2C500italic%2C700%2C700italic%2C900%2C900italic|font_style:400%20regular%3A400%3Anormal&#8221; css=&#8221;.vc_custom_1737042863550{margin-top: -40px !important;}&#8221;][vc_custom_heading text=&#8221;KNHOLZ&#8221; font_container=&#8221;tag:h2|font_size:40|text_align:center|color:%23504037&#8243; google_fonts=&#8221;font_family:Roboto%3A100%2C100italic%2C300%2C300italic%2Cregular%2Citalic%2C500%2C500italic%2C700%2C700italic%2C900%2C900italic|font_style:500%20bold%20regular%3A500%3Anormal&#8221;][vc_empty_space height=&#8221;12px&#8221;][\/vc_column][\/vc_row][vc_row bg_type=&#8221;bg_color&#8221; bg_override=&#8221;ex-full&#8221; bg_color_value=&#8221;#504037&#8243; css=&#8221;.vc_custom_1737454802104{padding-top: 50px !important;padding-bottom: 50px !important;}&#8221;][vc_column width=&#8221;1\/2&#8243;][vc_single_image image=&#8221;41&#8243; img_size=&#8221;full&#8221; image_hovers=&#8221;false&#8221;][\/vc_column][vc_column width=&#8221;1\/2&#8243;][vc_custom_heading text=&#8221;CHI SIAMO&#8221; font_container=&#8221;tag:h2|font_size:40|text_align:left|color:%23e9e4d0&#8243; google_fonts=&#8221;font_family:Arimo%3Aregular%2Citalic%2C700%2C700italic|font_style:700%20bold%20regular%3A700%3Anormal&#8221;][vc_separator color=&#8221;custom&#8221; align=&#8221;align_left&#8221; el_width=&#8221;10&#8243; accent_color=&#8221;#b18857&#8243;][vc_column_text] Siamo l&#8217;azienda KN Holz GmbH di Alta Pusteria (Dobbiaco, Alto&hellip;<\/p>\n","protected":false},"author":1,"featured_media":0,"parent":0,"menu_order":0,"comment_status":"closed","ping_status":"closed","template":"","meta":{"footnotes":""},"class_list":["post-30","page","type-page","status-publish","hentry","description-off"],"_links":{"self":[{"href":"https:\/\/knholz.com\/index.php\/wp-json\/wp\/v2\/pages\/30","targetHints":{"allow":["GET"]}}],"collection":[{"href":"https:\/\/knholz.com\/index.php\/wp-json\/wp\/v2\/pages"}],"about":[{"href":"https:\/\/knholz.com\/index.php\/wp-json\/wp\/v2\/types\/page"}],"author":[{"embeddable":true,"href":"https:\/\/knholz.com\/index.php\/wp-json\/wp\/v2\/users\/1"}],"replies":[{"embeddable":true,"href":"https:\/\/knholz.com\/index.php\/wp-json\/wp\/v2\/comments?post=30"}],"version-history":[{"count":30,"href":"https:\/\/knholz.com\/index.php\/wp-json\/wp\/v2\/pages\/30\/revisions"}],"predecessor-version":[{"id":1152,"href":"https:\/\/knholz.com\/index.php\/wp-json\/wp\/v2\/pages\/30\/revisions\/1152"}],"wp:attachment":[{"href":"https:\/\/knholz.com\/index.php\/wp-json\/wp\/v2\/media?parent=30"}],"curies":[{"name":"wp","href":"https:\/\/api.w.org\/{rel}","templated":true}]}}